{"id":1887,"date":"2025-09-17T12:09:19","date_gmt":"2025-09-17T12:09:19","guid":{"rendered":"https:\/\/makomasci.com\/?post_type=product&#038;p=1887"},"modified":"2025-11-27T16:29:54","modified_gmt":"2025-11-27T16:29:54","slug":"tisane-de-kinkeliba-en-vrac","status":"publish","type":"product","link":"https:\/\/makomasci.com\/en\/product\/tisane-de-kinkeliba-en-vrac\/","title":{"rendered":"Tisane De Kinkeliba En Vrac"},"content":{"rendered":"<p>Ici, on parle d\u2019un classique africain, une vraie l\u00e9gende dans nos tasses. Le kinkeliba, ce n\u2019est pas juste une feuille, c\u2019est le docteur de la nature. Depuis les villages jusqu\u2019aux grandes villes, tout le monde conna\u00eet son pouvoir : il nettoie l\u2019int\u00e9rieur, il aide les reins \u00e0 travailler bien, il chasse la fatigue comme jamais.<\/p>\n<p>En vrac, c\u2019est encore mieux : tu doses toi-m\u00eame, tu sens les feuilles, tu les vois s\u2019ouvrir dans l\u2019eau chaude, lib\u00e9rer leur couleur ambr\u00e9e et leur go\u00fbt authentique. C\u2019est un peu comme une c\u00e9r\u00e9monie\u00a0; tu prends le temps, tu respectes la feuille et elle te donne tout son jus.<\/p>\n<p>Parlant des bienfaits : le kinkeliba est riche en polyph\u00e9nols (antioxydants puissants), il aide \u00e0 purifier le sang, facilite la digestion et soutient la perte de poids en \u00e9liminant les exc\u00e8s. Il recharge le corps, surtout quand on est fatigu\u00e9 ou apr\u00e8s une maladie.<\/p>\n<p>En gros, la tisane de kinkeliba en vrac de MAKOMAS, c\u2019est ton alli\u00e9 pour te sentir l\u00e9ger, propre \u00e0 l\u2019int\u00e9rieur et plein d\u2019\u00e9nergie. Tu bois une tasse, et c\u2019est comme si tu avais fait une bonne mise \u00e0 jour, pr\u00eat \u00e0 recommencer la journ\u00e9e avec force.<\/p>","protected":false},"excerpt":{"rendered":"<p>Ici, on parle d\u2019un classique africain, une vraie l\u00e9gende dans nos tasses. Le kinkeliba, ce n\u2019est pas juste une feuille,<\/p>","protected":false},"featured_media":1510,"comment_status":"open","ping_status":"closed","template":"","meta":[],"product_brand":[],"product_cat":[156,20],"product_tag":[81,82],"class_list":{"0":"post-1887","1":"product","2":"type-product","3":"status-publish","4":"has-post-thumbnail","6":"product_cat-loose-teas","7":"product_cat-marque-makomas","8":"product_tag-en-vedette","9":"product_tag-meilleures-ventes","10":"pa_taille-100g","11":"pa_taille-200g","13":"first","14":"instock","15":"shipping-taxable","16":"purchasable","17":"product-type-variable"},"_links":{"self":[{"href":"https:\/\/makomasci.com\/en\/wp-json\/wp\/v2\/product\/1887","targetHints":{"allow":["GET"]}}],"collection":[{"href":"https:\/\/makomasci.com\/en\/wp-json\/wp\/v2\/product"}],"about":[{"href":"https:\/\/makomasci.com\/en\/wp-json\/wp\/v2\/types\/product"}],"replies":[{"embeddable":true,"href":"https:\/\/makomasci.com\/en\/wp-json\/wp\/v2\/comments?post=1887"}],"version-history":[{"count":0,"href":"https:\/\/makomasci.com\/en\/wp-json\/wp\/v2\/product\/1887\/revisions"}],"wp:featuredmedia":[{"embeddable":true,"href":"https:\/\/makomasci.com\/en\/wp-json\/wp\/v2\/media\/1510"}],"wp:attachment":[{"href":"https:\/\/makomasci.com\/en\/wp-json\/wp\/v2\/media?parent=1887"}],"wp:term":[{"taxonomy":"product_brand","embeddable":true,"href":"https:\/\/makomasci.com\/en\/wp-json\/wp\/v2\/product_brand?post=1887"},{"taxonomy":"product_cat","embeddable":true,"href":"https:\/\/makomasci.com\/en\/wp-json\/wp\/v2\/product_cat?post=1887"},{"taxonomy":"product_tag","embeddable":true,"href":"https:\/\/makomasci.com\/en\/wp-json\/wp\/v2\/product_tag?post=1887"}],"curies":[{"name":"wp","href":"https:\/\/api.w.org\/{rel}","templated":true}]}}