{"id":1869,"date":"2025-09-17T12:09:18","date_gmt":"2025-09-17T12:09:18","guid":{"rendered":"https:\/\/makomasci.com\/?post_type=product&#038;p=1869"},"modified":"2025-11-27T16:24:55","modified_gmt":"2025-11-27T16:24:55","slug":"feuilles-de-moringa-sechees-en-vrac","status":"publish","type":"product","link":"https:\/\/makomasci.com\/en\/product\/feuilles-de-moringa-sechees-en-vrac\/","title":{"rendered":"Feuilles De Moringa Sechees En Vrac"},"content":{"rendered":"<p>Le moringa, c\u2019est pas pour rien qu\u2019on l\u2019appelle \u201cl\u2019arbre de vie\u201d. Ses feuilles, m\u00eame s\u00e9ch\u00e9es, gardent toute leur puissance. Tu les infuses et boum : une boisson verte, au go\u00fbt l\u00e9g\u00e8rement herbac\u00e9, qui te donne l\u2019impression de boire la nature elle-m\u00eame. C\u2019est simple : tu bois du moringa, ton corps dit \u201c <em>asso<\/em> ! je suis recharg\u00e9\u201d.<\/p>\n<p>C\u00f4t\u00e9 vertus, accroche-toi bien : les feuilles de moringa sont blind\u00e9es de vitamines A, C et E, de calcium, de fer, de prot\u00e9ines v\u00e9g\u00e9tales et d\u2019antioxydants. \u00c7a veut dire qu\u2019elles boostent ton \u00e9nergie, renforcent ton syst\u00e8me immunitaire, aident \u00e0 garder la peau fra\u00eeche et les yeux brillants, tout en donnant un coup de main \u00e0 la digestion. Bref, c\u2019est un peu comme si ton corps faisait le plein au supermarch\u00e9 du bien-\u00eatre \u00e0 chaque gorg\u00e9e.<\/p>\n<p>Et le go\u00fbt dans tout \u00e7a ? Pas besoin de sucre, pas besoin de fioritures. Le moringa se boit pur, en mode guerrier, ou m\u00e9lang\u00e9 avec un peu de gingembre ou de citron pour ajouter du peps. R\u00e9sultat : une tisane qui nourrit autant qu\u2019elle rafra\u00eechit.<\/p>\n<p>Avec les feuilles de moringa s\u00e9ch\u00e9es Makomas, tu ne bois pas juste une tisane, tu prends une ordonnance naturelle\u00a0; mais version gourmande et taquine.<\/p>","protected":false},"excerpt":{"rendered":"<p>Le moringa, c\u2019est pas pour rien qu\u2019on l\u2019appelle \u201cl\u2019arbre de vie\u201d. Ses feuilles, m\u00eame s\u00e9ch\u00e9es, gardent toute leur puissance. Tu<\/p>","protected":false},"featured_media":1464,"comment_status":"open","ping_status":"closed","template":"","meta":[],"product_brand":[],"product_cat":[241,156,20,80],"product_tag":[],"class_list":{"0":"post-1869","1":"product","2":"type-product","3":"status-publish","4":"has-post-thumbnail","6":"product_cat-destockage","7":"product_cat-loose-teas","8":"product_cat-marque-makomas","9":"product_cat-superfoods","10":"pa_taille-100g","11":"pa_taille-200g","13":"first","14":"instock","15":"shipping-taxable","16":"purchasable","17":"product-type-variable"},"_links":{"self":[{"href":"https:\/\/makomasci.com\/en\/wp-json\/wp\/v2\/product\/1869","targetHints":{"allow":["GET"]}}],"collection":[{"href":"https:\/\/makomasci.com\/en\/wp-json\/wp\/v2\/product"}],"about":[{"href":"https:\/\/makomasci.com\/en\/wp-json\/wp\/v2\/types\/product"}],"replies":[{"embeddable":true,"href":"https:\/\/makomasci.com\/en\/wp-json\/wp\/v2\/comments?post=1869"}],"version-history":[{"count":0,"href":"https:\/\/makomasci.com\/en\/wp-json\/wp\/v2\/product\/1869\/revisions"}],"wp:featuredmedia":[{"embeddable":true,"href":"https:\/\/makomasci.com\/en\/wp-json\/wp\/v2\/media\/1464"}],"wp:attachment":[{"href":"https:\/\/makomasci.com\/en\/wp-json\/wp\/v2\/media?parent=1869"}],"wp:term":[{"taxonomy":"product_brand","embeddable":true,"href":"https:\/\/makomasci.com\/en\/wp-json\/wp\/v2\/product_brand?post=1869"},{"taxonomy":"product_cat","embeddable":true,"href":"https:\/\/makomasci.com\/en\/wp-json\/wp\/v2\/product_cat?post=1869"},{"taxonomy":"product_tag","embeddable":true,"href":"https:\/\/makomasci.com\/en\/wp-json\/wp\/v2\/product_tag?post=1869"}],"curies":[{"name":"wp","href":"https:\/\/api.w.org\/{rel}","templated":true}]}}